{"id":385,"date":"2025-11-04T16:29:52","date_gmt":"2025-11-04T16:29:52","guid":{"rendered":"https:\/\/meatandfish-pro-test1.demotmpl.com\/?page_id=385"},"modified":"2025-11-09T16:08:44","modified_gmt":"2025-11-09T16:08:44","slug":"gallery","status":"publish","type":"page","link":"https:\/\/meatandfish-pro-test3.demotmpl.com\/index.php\/about\/gallery\/","title":{"rendered":"Gallery"},"content":{"rendered":"\t\t<div data-elementor-type=\"wp-page\" data-elementor-id=\"385\" class=\"elementor elementor-385\">\n\t\t\t\t<div class=\"elementor-element elementor-element-03b4a0b e-con-full e-flex e-con e-parent\" data-id=\"03b4a0b\" data-element_type=\"container\" data-settings=\"{&quot;background_background&quot;:&quot;classic&quot;}\">\n\t\t<div class=\"elementor-element elementor-element-85b194c e-flex e-con-boxed e-con e-child\" data-id=\"85b194c\" data-element_type=\"container\">\n\t\t\t\t\t<div class=\"e-con-inner\">\n\t\t\t\t<div class=\"elementor-element elementor-element-2ad3a78 elementor-widget elementor-widget-heading\" data-id=\"2ad3a78\" data-element_type=\"widget\" data-widget_type=\"heading.default\">\n\t\t\t\t\t<h1 class=\"elementor-heading-title elementor-size-default\">Gallery<\/h1>\t\t\t\t<\/div>\n\t\t\t\t<div class=\"elementor-element elementor-element-c84a9a2 elementor-widget elementor-widget-heading\" data-id=\"c84a9a2\" data-element_type=\"widget\" data-widget_type=\"heading.default\">\n\t\t\t\t\t<div class=\"elementor-heading-title elementor-size-default\">From sizzling steaks to fresh seafood - a glimpse into the flavors that define Meat &amp; Fish.<\/div>\t\t\t\t<\/div>\n\t\t\t\t<div class=\"elementor-element elementor-element-a9c071a gallery-spacing-custom elementor-widget elementor-widget-image-gallery\" data-id=\"a9c071a\" data-element_type=\"widget\" data-widget_type=\"image-gallery.default\">\n\t\t\t\t\t\t\t<div class=\"elementor-image-gallery\">\n\t\t\t\n\t\t<style type=\"text\/css\">\n\t\t\t#gallery-1 {\n\t\t\t\tmargin: auto;\n\t\t\t}\n\t\t\t#gallery-1 .gallery-item {\n\t\t\t\tfloat: left;\n\t\t\t\tmargin-top: 10px;\n\t\t\t\ttext-align: center;\n\t\t\t\twidth: 50%;\n\t\t\t}\n\t\t\t#gallery-1 img {\n\t\t\t\tborder: 2px solid #cfcfcf;\n\t\t\t}\n\t\t\t#gallery-1 .gallery-caption {\n\t\t\t\tmargin-left: 0;\n\t\t\t}\n\t\t\t\/* see gallery_shortcode() in wp-includes\/media.php *\/\n\t\t<\/style>\n\t\t<div id='gallery-1' class='gallery galleryid-385 gallery-columns-2 gallery-size-full'><dl class='gallery-item'>\n\t\t\t<dt class='gallery-icon landscape'>\n\t\t\t\t<a data-elementor-open-lightbox=\"yes\" data-elementor-lightbox-slideshow=\"a9c071a\" data-elementor-lightbox-title=\"Roasted Lamb Chops\" data-e-action-hash=\"#elementor-action%3Aaction%3Dlightbox%26settings%3DeyJpZCI6MTM3LCJ1cmwiOiJodHRwczpcL1wvbWVhdGFuZGZpc2gtcHJvLXRlc3QzLmRlbW90bXBsLmNvbVwvd3AtY29udGVudFwvdXBsb2Fkc1wvMjAyNVwvMTFcL2Rpc2g2LndlYnAiLCJzbGlkZXNob3ciOiJhOWMwNzFhIn0%3D\" href='https:\/\/meatandfish-pro-test3.demotmpl.com\/wp-content\/uploads\/2025\/11\/dish6.webp'><img fetchpriority=\"high\" decoding=\"async\" width=\"1536\" height=\"1024\" src=\"https:\/\/meatandfish-pro-test3.demotmpl.com\/wp-content\/uploads\/2025\/11\/dish6.webp\" class=\"attachment-full size-full\" alt=\"Roasted Lamb Chops\" srcset=\"https:\/\/meatandfish-pro-test3.demotmpl.com\/wp-content\/uploads\/2025\/11\/dish6.webp 1536w, https:\/\/meatandfish-pro-test3.demotmpl.com\/wp-content\/uploads\/2025\/11\/dish6-300x200.webp 300w, https:\/\/meatandfish-pro-test3.demotmpl.com\/wp-content\/uploads\/2025\/11\/dish6-1024x683.webp 1024w, https:\/\/meatandfish-pro-test3.demotmpl.com\/wp-content\/uploads\/2025\/11\/dish6-768x512.webp 768w\" sizes=\"(max-width: 1536px) 100vw, 1536px\" \/><\/a>\n\t\t\t<\/dt><\/dl><dl class='gallery-item'>\n\t\t\t<dt class='gallery-icon landscape'>\n\t\t\t\t<a data-elementor-open-lightbox=\"yes\" data-elementor-lightbox-slideshow=\"a9c071a\" data-elementor-lightbox-title=\"T-Bone Steak\" data-e-action-hash=\"#elementor-action%3Aaction%3Dlightbox%26settings%3DeyJpZCI6MTQxLCJ1cmwiOiJodHRwczpcL1wvbWVhdGFuZGZpc2gtcHJvLXRlc3QzLmRlbW90bXBsLmNvbVwvd3AtY29udGVudFwvdXBsb2Fkc1wvMjAyNVwvMTFcL2Rpc2gxLndlYnAiLCJzbGlkZXNob3ciOiJhOWMwNzFhIn0%3D\" href='https:\/\/meatandfish-pro-test3.demotmpl.com\/wp-content\/uploads\/2025\/11\/dish1.webp'><img decoding=\"async\" width=\"1536\" height=\"1024\" src=\"https:\/\/meatandfish-pro-test3.demotmpl.com\/wp-content\/uploads\/2025\/11\/dish1.webp\" class=\"attachment-full size-full\" alt=\"T-Bone Steak\" srcset=\"https:\/\/meatandfish-pro-test3.demotmpl.com\/wp-content\/uploads\/2025\/11\/dish1.webp 1536w, https:\/\/meatandfish-pro-test3.demotmpl.com\/wp-content\/uploads\/2025\/11\/dish1-300x200.webp 300w, https:\/\/meatandfish-pro-test3.demotmpl.com\/wp-content\/uploads\/2025\/11\/dish1-1024x683.webp 1024w, https:\/\/meatandfish-pro-test3.demotmpl.com\/wp-content\/uploads\/2025\/11\/dish1-768x512.webp 768w\" sizes=\"(max-width: 1536px) 100vw, 1536px\" \/><\/a>\n\t\t\t<\/dt><\/dl><br style=\"clear: both\" \/><dl class='gallery-item'>\n\t\t\t<dt class='gallery-icon landscape'>\n\t\t\t\t<a data-elementor-open-lightbox=\"yes\" data-elementor-lightbox-slideshow=\"a9c071a\" data-elementor-lightbox-title=\"Herb-Crusted Sea Bass\" data-e-action-hash=\"#elementor-action%3Aaction%3Dlightbox%26settings%3DeyJpZCI6MTUyLCJ1cmwiOiJodHRwczpcL1wvbWVhdGFuZGZpc2gtcHJvLXRlc3QzLmRlbW90bXBsLmNvbVwvd3AtY29udGVudFwvdXBsb2Fkc1wvMjAyNVwvMTFcL2Rpc2gyLTEud2VicCIsInNsaWRlc2hvdyI6ImE5YzA3MWEifQ%3D%3D\" href='https:\/\/meatandfish-pro-test3.demotmpl.com\/wp-content\/uploads\/2025\/11\/dish2-1.webp'><img decoding=\"async\" width=\"1536\" height=\"1024\" src=\"https:\/\/meatandfish-pro-test3.demotmpl.com\/wp-content\/uploads\/2025\/11\/dish2-1.webp\" class=\"attachment-full size-full\" alt=\"\" srcset=\"https:\/\/meatandfish-pro-test3.demotmpl.com\/wp-content\/uploads\/2025\/11\/dish2-1.webp 1536w, https:\/\/meatandfish-pro-test3.demotmpl.com\/wp-content\/uploads\/2025\/11\/dish2-1-300x200.webp 300w, https:\/\/meatandfish-pro-test3.demotmpl.com\/wp-content\/uploads\/2025\/11\/dish2-1-1024x683.webp 1024w, https:\/\/meatandfish-pro-test3.demotmpl.com\/wp-content\/uploads\/2025\/11\/dish2-1-768x512.webp 768w\" sizes=\"(max-width: 1536px) 100vw, 1536px\" \/><\/a>\n\t\t\t<\/dt><\/dl><dl class='gallery-item'>\n\t\t\t<dt class='gallery-icon landscape'>\n\t\t\t\t<a data-elementor-open-lightbox=\"yes\" data-elementor-lightbox-slideshow=\"a9c071a\" data-elementor-lightbox-title=\"Pepper-Crusted Tuna Steak\" data-e-action-hash=\"#elementor-action%3Aaction%3Dlightbox%26settings%3DeyJpZCI6MTYyLCJ1cmwiOiJodHRwczpcL1wvbWVhdGFuZGZpc2gtcHJvLXRlc3QzLmRlbW90bXBsLmNvbVwvd3AtY29udGVudFwvdXBsb2Fkc1wvMjAyNVwvMTFcL2Rpc2gzLndlYnAiLCJzbGlkZXNob3ciOiJhOWMwNzFhIn0%3D\" href='https:\/\/meatandfish-pro-test3.demotmpl.com\/wp-content\/uploads\/2025\/11\/dish3.webp'><img loading=\"lazy\" decoding=\"async\" width=\"1536\" height=\"1024\" src=\"https:\/\/meatandfish-pro-test3.demotmpl.com\/wp-content\/uploads\/2025\/11\/dish3.webp\" class=\"attachment-full size-full\" alt=\"Pepper-Crusted Tuna Steak\" srcset=\"https:\/\/meatandfish-pro-test3.demotmpl.com\/wp-content\/uploads\/2025\/11\/dish3.webp 1536w, https:\/\/meatandfish-pro-test3.demotmpl.com\/wp-content\/uploads\/2025\/11\/dish3-300x200.webp 300w, https:\/\/meatandfish-pro-test3.demotmpl.com\/wp-content\/uploads\/2025\/11\/dish3-1024x683.webp 1024w, https:\/\/meatandfish-pro-test3.demotmpl.com\/wp-content\/uploads\/2025\/11\/dish3-768x512.webp 768w\" sizes=\"(max-width: 1536px) 100vw, 1536px\" \/><\/a>\n\t\t\t<\/dt><\/dl><br style=\"clear: both\" \/><dl class='gallery-item'>\n\t\t\t<dt class='gallery-icon landscape'>\n\t\t\t\t<a data-elementor-open-lightbox=\"yes\" data-elementor-lightbox-slideshow=\"a9c071a\" data-elementor-lightbox-title=\"Chocolate Lava Cake\" data-e-action-hash=\"#elementor-action%3Aaction%3Dlightbox%26settings%3DeyJpZCI6MTc1LCJ1cmwiOiJodHRwczpcL1wvbWVhdGFuZGZpc2gtcHJvLXRlc3QzLmRlbW90bXBsLmNvbVwvd3AtY29udGVudFwvdXBsb2Fkc1wvMjAyNVwvMTFcL2Rlc3NlcnQxLndlYnAiLCJzbGlkZXNob3ciOiJhOWMwNzFhIn0%3D\" href='https:\/\/meatandfish-pro-test3.demotmpl.com\/wp-content\/uploads\/2025\/11\/dessert1.webp'><img loading=\"lazy\" decoding=\"async\" width=\"1536\" height=\"1024\" src=\"https:\/\/meatandfish-pro-test3.demotmpl.com\/wp-content\/uploads\/2025\/11\/dessert1.webp\" class=\"attachment-full size-full\" alt=\"Chocolate Lava Cake\" srcset=\"https:\/\/meatandfish-pro-test3.demotmpl.com\/wp-content\/uploads\/2025\/11\/dessert1.webp 1536w, https:\/\/meatandfish-pro-test3.demotmpl.com\/wp-content\/uploads\/2025\/11\/dessert1-300x200.webp 300w, https:\/\/meatandfish-pro-test3.demotmpl.com\/wp-content\/uploads\/2025\/11\/dessert1-1024x683.webp 1024w, https:\/\/meatandfish-pro-test3.demotmpl.com\/wp-content\/uploads\/2025\/11\/dessert1-768x512.webp 768w\" sizes=\"(max-width: 1536px) 100vw, 1536px\" \/><\/a>\n\t\t\t<\/dt><\/dl><dl class='gallery-item'>\n\t\t\t<dt class='gallery-icon landscape'>\n\t\t\t\t<a data-elementor-open-lightbox=\"yes\" data-elementor-lightbox-slideshow=\"a9c071a\" data-elementor-lightbox-title=\"Strawberry Cheesecake\" data-e-action-hash=\"#elementor-action%3Aaction%3Dlightbox%26settings%3DeyJpZCI6MTc3LCJ1cmwiOiJodHRwczpcL1wvbWVhdGFuZGZpc2gtcHJvLXRlc3QzLmRlbW90bXBsLmNvbVwvd3AtY29udGVudFwvdXBsb2Fkc1wvMjAyNVwvMTFcL2Rlc3NlcnQyLndlYnAiLCJzbGlkZXNob3ciOiJhOWMwNzFhIn0%3D\" href='https:\/\/meatandfish-pro-test3.demotmpl.com\/wp-content\/uploads\/2025\/11\/dessert2.webp'><img loading=\"lazy\" decoding=\"async\" width=\"1536\" height=\"1024\" src=\"https:\/\/meatandfish-pro-test3.demotmpl.com\/wp-content\/uploads\/2025\/11\/dessert2.webp\" class=\"attachment-full size-full\" alt=\"Strawberry Cheesecake\" srcset=\"https:\/\/meatandfish-pro-test3.demotmpl.com\/wp-content\/uploads\/2025\/11\/dessert2.webp 1536w, https:\/\/meatandfish-pro-test3.demotmpl.com\/wp-content\/uploads\/2025\/11\/dessert2-300x200.webp 300w, https:\/\/meatandfish-pro-test3.demotmpl.com\/wp-content\/uploads\/2025\/11\/dessert2-1024x683.webp 1024w, https:\/\/meatandfish-pro-test3.demotmpl.com\/wp-content\/uploads\/2025\/11\/dessert2-768x512.webp 768w\" sizes=\"(max-width: 1536px) 100vw, 1536px\" \/><\/a>\n\t\t\t<\/dt><\/dl><br style=\"clear: both\" \/><dl class='gallery-item'>\n\t\t\t<dt class='gallery-icon landscape'>\n\t\t\t\t<a data-elementor-open-lightbox=\"yes\" data-elementor-lightbox-slideshow=\"a9c071a\" data-elementor-lightbox-title=\"Tiramisu Classico\" data-e-action-hash=\"#elementor-action%3Aaction%3Dlightbox%26settings%3DeyJpZCI6MTk3LCJ1cmwiOiJodHRwczpcL1wvbWVhdGFuZGZpc2gtcHJvLXRlc3QzLmRlbW90bXBsLmNvbVwvd3AtY29udGVudFwvdXBsb2Fkc1wvMjAyNVwvMTFcL2Rlc3NlcnQzLndlYnAiLCJzbGlkZXNob3ciOiJhOWMwNzFhIn0%3D\" href='https:\/\/meatandfish-pro-test3.demotmpl.com\/wp-content\/uploads\/2025\/11\/dessert3.webp'><img loading=\"lazy\" decoding=\"async\" width=\"1536\" height=\"1024\" src=\"https:\/\/meatandfish-pro-test3.demotmpl.com\/wp-content\/uploads\/2025\/11\/dessert3.webp\" class=\"attachment-full size-full\" alt=\"Tiramisu Classico\" srcset=\"https:\/\/meatandfish-pro-test3.demotmpl.com\/wp-content\/uploads\/2025\/11\/dessert3.webp 1536w, https:\/\/meatandfish-pro-test3.demotmpl.com\/wp-content\/uploads\/2025\/11\/dessert3-300x200.webp 300w, https:\/\/meatandfish-pro-test3.demotmpl.com\/wp-content\/uploads\/2025\/11\/dessert3-1024x683.webp 1024w, https:\/\/meatandfish-pro-test3.demotmpl.com\/wp-content\/uploads\/2025\/11\/dessert3-768x512.webp 768w\" sizes=\"(max-width: 1536px) 100vw, 1536px\" \/><\/a>\n\t\t\t<\/dt><\/dl><dl class='gallery-item'>\n\t\t\t<dt class='gallery-icon landscape'>\n\t\t\t\t<a data-elementor-open-lightbox=\"yes\" data-elementor-lightbox-slideshow=\"a9c071a\" data-elementor-lightbox-title=\"Cr\u00e8me Br\u00fbl\u00e9e\" data-e-action-hash=\"#elementor-action%3Aaction%3Dlightbox%26settings%3DeyJpZCI6MTk4LCJ1cmwiOiJodHRwczpcL1wvbWVhdGFuZGZpc2gtcHJvLXRlc3QzLmRlbW90bXBsLmNvbVwvd3AtY29udGVudFwvdXBsb2Fkc1wvMjAyNVwvMTFcL2Rlc3NlcnQ0LndlYnAiLCJzbGlkZXNob3ciOiJhOWMwNzFhIn0%3D\" href='https:\/\/meatandfish-pro-test3.demotmpl.com\/wp-content\/uploads\/2025\/11\/dessert4.webp'><img loading=\"lazy\" decoding=\"async\" width=\"1536\" height=\"1024\" src=\"https:\/\/meatandfish-pro-test3.demotmpl.com\/wp-content\/uploads\/2025\/11\/dessert4.webp\" class=\"attachment-full size-full\" alt=\"Cr\u00e8me Br\u00fbl\u00e9e\" srcset=\"https:\/\/meatandfish-pro-test3.demotmpl.com\/wp-content\/uploads\/2025\/11\/dessert4.webp 1536w, https:\/\/meatandfish-pro-test3.demotmpl.com\/wp-content\/uploads\/2025\/11\/dessert4-300x200.webp 300w, https:\/\/meatandfish-pro-test3.demotmpl.com\/wp-content\/uploads\/2025\/11\/dessert4-1024x683.webp 1024w, https:\/\/meatandfish-pro-test3.demotmpl.com\/wp-content\/uploads\/2025\/11\/dessert4-768x512.webp 768w\" sizes=\"(max-width: 1536px) 100vw, 1536px\" \/><\/a>\n\t\t\t<\/dt><\/dl><br style=\"clear: both\" \/><dl class='gallery-item'>\n\t\t\t<dt class='gallery-icon landscape'>\n\t\t\t\t<a data-elementor-open-lightbox=\"yes\" data-elementor-lightbox-slideshow=\"a9c071a\" data-elementor-lightbox-title=\"Lemon Tart\" data-e-action-hash=\"#elementor-action%3Aaction%3Dlightbox%26settings%3DeyJpZCI6MTk5LCJ1cmwiOiJodHRwczpcL1wvbWVhdGFuZGZpc2gtcHJvLXRlc3QzLmRlbW90bXBsLmNvbVwvd3AtY29udGVudFwvdXBsb2Fkc1wvMjAyNVwvMTFcL2Rlc3NlcnQ1LndlYnAiLCJzbGlkZXNob3ciOiJhOWMwNzFhIn0%3D\" href='https:\/\/meatandfish-pro-test3.demotmpl.com\/wp-content\/uploads\/2025\/11\/dessert5.webp'><img loading=\"lazy\" decoding=\"async\" width=\"1536\" height=\"1024\" src=\"https:\/\/meatandfish-pro-test3.demotmpl.com\/wp-content\/uploads\/2025\/11\/dessert5.webp\" class=\"attachment-full size-full\" alt=\"Lemon Tart\" srcset=\"https:\/\/meatandfish-pro-test3.demotmpl.com\/wp-content\/uploads\/2025\/11\/dessert5.webp 1536w, https:\/\/meatandfish-pro-test3.demotmpl.com\/wp-content\/uploads\/2025\/11\/dessert5-300x200.webp 300w, https:\/\/meatandfish-pro-test3.demotmpl.com\/wp-content\/uploads\/2025\/11\/dessert5-1024x683.webp 1024w, https:\/\/meatandfish-pro-test3.demotmpl.com\/wp-content\/uploads\/2025\/11\/dessert5-768x512.webp 768w\" sizes=\"(max-width: 1536px) 100vw, 1536px\" \/><\/a>\n\t\t\t<\/dt><\/dl><dl class='gallery-item'>\n\t\t\t<dt class='gallery-icon landscape'>\n\t\t\t\t<a data-elementor-open-lightbox=\"yes\" data-elementor-lightbox-slideshow=\"a9c071a\" data-elementor-lightbox-title=\"Chocolate Mousse\" data-e-action-hash=\"#elementor-action%3Aaction%3Dlightbox%26settings%3DeyJpZCI6MjAwLCJ1cmwiOiJodHRwczpcL1wvbWVhdGFuZGZpc2gtcHJvLXRlc3QzLmRlbW90bXBsLmNvbVwvd3AtY29udGVudFwvdXBsb2Fkc1wvMjAyNVwvMTFcL2Rlc3NlcnQ2LndlYnAiLCJzbGlkZXNob3ciOiJhOWMwNzFhIn0%3D\" href='https:\/\/meatandfish-pro-test3.demotmpl.com\/wp-content\/uploads\/2025\/11\/dessert6.webp'><img loading=\"lazy\" decoding=\"async\" width=\"1536\" height=\"1024\" src=\"https:\/\/meatandfish-pro-test3.demotmpl.com\/wp-content\/uploads\/2025\/11\/dessert6.webp\" class=\"attachment-full size-full\" alt=\"Chocolate Mousse\" srcset=\"https:\/\/meatandfish-pro-test3.demotmpl.com\/wp-content\/uploads\/2025\/11\/dessert6.webp 1536w, https:\/\/meatandfish-pro-test3.demotmpl.com\/wp-content\/uploads\/2025\/11\/dessert6-300x200.webp 300w, https:\/\/meatandfish-pro-test3.demotmpl.com\/wp-content\/uploads\/2025\/11\/dessert6-1024x683.webp 1024w, https:\/\/meatandfish-pro-test3.demotmpl.com\/wp-content\/uploads\/2025\/11\/dessert6-768x512.webp 768w\" sizes=\"(max-width: 1536px) 100vw, 1536px\" \/><\/a>\n\t\t\t<\/dt><\/dl><br style=\"clear: both\" \/>\n\t\t<\/div>\n\t\t<\/div>\n\t\t\t\t\t\t<\/div>\n\t\t\t\t\t<\/div>\n\t\t\t\t<\/div>\n\t\t\t\t<\/div>\n\t\t\t\t<\/div>\n\t\t","protected":false},"excerpt":{"rendered":"<p>Gallery From sizzling steaks to fresh seafood &#8211; a glimpse into the flavors that define Meat &amp; Fish.<\/p>\n","protected":false},"author":1,"featured_media":0,"parent":305,"menu_order":0,"comment_status":"closed","ping_status":"closed","template":"elementor_header_footer","meta":{"footnotes":""},"class_list":["post-385","page","type-page","status-publish","hentry"],"_links":{"self":[{"href":"https:\/\/meatandfish-pro-test3.demotmpl.com\/index.php\/wp-json\/wp\/v2\/pages\/385","targetHints":{"allow":["GET"]}}],"collection":[{"href":"https:\/\/meatandfish-pro-test3.demotmpl.com\/index.php\/wp-json\/wp\/v2\/pages"}],"about":[{"href":"https:\/\/meatandfish-pro-test3.demotmpl.com\/index.php\/wp-json\/wp\/v2\/types\/page"}],"author":[{"embeddable":true,"href":"https:\/\/meatandfish-pro-test3.demotmpl.com\/index.php\/wp-json\/wp\/v2\/users\/1"}],"replies":[{"embeddable":true,"href":"https:\/\/meatandfish-pro-test3.demotmpl.com\/index.php\/wp-json\/wp\/v2\/comments?post=385"}],"version-history":[{"count":1,"href":"https:\/\/meatandfish-pro-test3.demotmpl.com\/index.php\/wp-json\/wp\/v2\/pages\/385\/revisions"}],"predecessor-version":[{"id":530,"href":"https:\/\/meatandfish-pro-test3.demotmpl.com\/index.php\/wp-json\/wp\/v2\/pages\/385\/revisions\/530"}],"up":[{"embeddable":true,"href":"https:\/\/meatandfish-pro-test3.demotmpl.com\/index.php\/wp-json\/wp\/v2\/pages\/305"}],"wp:attachment":[{"href":"https:\/\/meatandfish-pro-test3.demotmpl.com\/index.php\/wp-json\/wp\/v2\/media?parent=385"}],"curies":[{"name":"wp","href":"https:\/\/api.w.org\/{rel}","templated":true}]}}